{"id":2,"date":"2022-03-15T20:31:18","date_gmt":"2022-03-15T19:31:18","guid":{"rendered":"https:\/\/destilerijababic.com\/?page_id=2"},"modified":"2022-12-12T00:16:30","modified_gmt":"2022-12-11T23:16:30","slug":"o-projektu","status":"publish","type":"page","link":"https:\/\/destilerijababic.com\/hr\/o-projektu\/","title":{"rendered":"O projektu"},"content":{"rendered":"<section class=\"wpb-content-wrapper\"><!-- CWS Row --><div  class=\"cws-content\" style=\"background-repeat:repeat;background-size:initial;background-attachment:scroll;background-position:0% 0%;\"><div class=\"cws_extra_wrapper\"><div class=\"vc_row wpb_row vc_row-fluid vc_custom_1670176885409\"><div class=\"wpb_column vc_column_container vc_col-sm-12 cws-column\"><div class=\"cws_vc_column-inner \"><div class=\"wpb_column vc_column_container vc_col-sm-12\"><div class=\"vc_column-inner\"><div class=\"wpb_wrapper\">\n\t<div class=\"wpb_text_column wpb_content_element  eu-fondovi\" >\n\t\t<div class=\"wpb_wrapper\">\n\t\t\t<h2 style=\"color: #bc7037;\">KRATKI OPIS<\/h2>\n<p>OPG Franjo Babi\u0107 je uspje\u0161no proveo projekt prijavljen na Natje\u010daj za provedbu Podmjere 6.2. \u201ePotpora ulaganju u pokretanje nepoljoprivrednih djelatnosti u ruralnim podru\u010djima\u201c tipa operacije 6.2.1. \u201ePotpora ulaganju u pokretanje nepoljoprivrednih djelatnosti u ruralnim podru\u010djima\u201c iz Programa ruralnog razvoja Republike Hrvatske za razdoblje 2014. \u2013 2020. te uspostavio dopunsku djelatnost destilerije na OPG-u Babi\u0107 Franjo, Stjepana Radi\u0107a 11, 48260 Kri\u017eevci<\/p>\n<h2 style=\"color: #bc7037;\">CILJ PROJEKTA<\/h2>\n<p>Cilj projekta je uspostava dopunske djelatnosti destilerije na OPG-u.<\/p>\n<h2 style=\"color: #bc7037;\">IZNOS ULAGANJA:<\/h2>\n<p>Ukupna vrijednost projekta \u2013 372.000,00 HRK<\/p>\n<h2 style=\"color: #bc7037;\">VREMENSKI OKVIR PROVEDBE PROJEKTA:<\/h2>\n<p>Provedba projekta zapo\u010dela je 1. velja\u010de 2019. godine<\/p>\n\n\t\t<\/div>\n\t<\/div>\n<\/div><\/div><\/div><!-- CWS Column --> <\/div><\/div><\/div><\/div><\/div>\n<\/section>","protected":false},"excerpt":{"rendered":"KRATKI OPIS OPG Franjo Babi\u0107 je uspje\u0161no proveo projekt prijavljen na Natje\u010daj za provedbu Podmjere 6.2. \u201ePotpora ulaganju u pokretanje nepoljoprivrednih djelatnosti u ruralnim podru\u010djima\u201c tipa operacije 6.2.1. \u201ePotpora ulaganju u pokretanje nepoljoprivrednih djelatnosti u ruralnim podru\u010djima\u201c iz Programa ruralnog razvoja Republike Hrvatske za razdoblje 2014. \u2013 2020. te uspostavio dopunsku djelatnost destilerije na OPG-u Babi\u0107 Franjo, Stjepana Radi\u0107a 11, 48260 Kri\u017eevci CILJ PROJEKTA Cilj projekta je uspostava dopunske djelatnosti destilerije na OPG-u. IZNOS ULAGANJA: Ukupna vrijednost projekta \u2013 372.000,00 HRK VREMENSKI OKVIR PROVEDBE PROJEKTA: Provedba projekta zapo\u010dela je 1. velja\u010de 2019. godine","protected":false},"author":1,"featured_media":0,"parent":0,"menu_order":0,"comment_status":"closed","ping_status":"open","template":"","meta":{"footnotes":""},"class_list":["post-2","page","type-page","status-publish","hentry"],"yoast_head":"<!-- This site is optimized with the Yoast SEO plugin v19.11 - https:\/\/yoast.com\/wordpress\/plugins\/seo\/ -->\n<title>O projektu - Destilerija Babi\u0107<\/title>\n<meta name=\"description\" content=\"OPG Franjo Babi\u0107 je uspje\u0161no proveo projekt prijavljen na Natje\u010daj za provedbu Podmjere 6.2. \u201ePotpora ulaganju u pokretanje...\" \/>\n<meta name=\"robots\" content=\"index, follow, max-snippet:-1, max-image-preview:large, max-video-preview:-1\" \/>\n<link rel=\"canonical\" href=\"https:\/\/destilerijababic.com\/hr\/o-projektu\/\" \/>\n<meta property=\"og:locale\" content=\"hr_HR\" \/>\n<meta property=\"og:type\" content=\"article\" \/>\n<meta property=\"og:title\" content=\"O projektu - Destilerija Babi\u0107\" \/>\n<meta property=\"og:description\" content=\"OPG Franjo Babi\u0107 je uspje\u0161no proveo projekt prijavljen na Natje\u010daj za provedbu Podmjere 6.2. \u201ePotpora ulaganju u pokretanje...\" \/>\n<meta property=\"og:url\" content=\"https:\/\/destilerijababic.com\/hr\/o-projektu\/\" \/>\n<meta property=\"og:site_name\" content=\"Destilerija Babi\u0107\" \/>\n<meta property=\"article:modified_time\" content=\"2022-12-11T23:16:30+00:00\" \/>\n<meta name=\"twitter:card\" content=\"summary_large_image\" \/>\n<meta name=\"twitter:label1\" content=\"Procijenjeno vrijeme \u010ditanja\" \/>\n\t<meta name=\"twitter:data1\" content=\"1 minuta\" \/>\n<script type=\"application\/ld+json\" class=\"yoast-schema-graph\">{\"@context\":\"https:\/\/schema.org\",\"@graph\":[{\"@type\":\"WebPage\",\"@id\":\"https:\/\/destilerijababic.com\/o-projektu\/\",\"url\":\"https:\/\/destilerijababic.com\/o-projektu\/\",\"name\":\"O projektu - Destilerija Babi\u0107\",\"isPartOf\":{\"@id\":\"https:\/\/destilerijababic.com\/#website\"},\"datePublished\":\"2022-03-15T19:31:18+00:00\",\"dateModified\":\"2022-12-11T23:16:30+00:00\",\"description\":\"OPG Franjo Babi\u0107 je uspje\u0161no proveo projekt prijavljen na Natje\u010daj za provedbu Podmjere 6.2. \u201ePotpora ulaganju u pokretanje...\",\"breadcrumb\":{\"@id\":\"https:\/\/destilerijababic.com\/o-projektu\/#breadcrumb\"},\"inLanguage\":\"hr\",\"potentialAction\":[{\"@type\":\"ReadAction\",\"target\":[\"https:\/\/destilerijababic.com\/o-projektu\/\"]}]},{\"@type\":\"BreadcrumbList\",\"@id\":\"https:\/\/destilerijababic.com\/o-projektu\/#breadcrumb\",\"itemListElement\":[{\"@type\":\"ListItem\",\"position\":1,\"name\":\"Po\u010detna stranica\",\"item\":\"https:\/\/destilerijababic.com\/\"},{\"@type\":\"ListItem\",\"position\":2,\"name\":\"O projektu\"}]},{\"@type\":\"WebSite\",\"@id\":\"https:\/\/destilerijababic.com\/#website\",\"url\":\"https:\/\/destilerijababic.com\/\",\"name\":\"Destilerija Babi\u0107\",\"description\":\"Rakija  i gin za fina nepca\",\"publisher\":{\"@id\":\"https:\/\/destilerijababic.com\/#organization\"},\"potentialAction\":[{\"@type\":\"SearchAction\",\"target\":{\"@type\":\"EntryPoint\",\"urlTemplate\":\"https:\/\/destilerijababic.com\/?s={search_term_string}\"},\"query-input\":\"required name=search_term_string\"}],\"inLanguage\":\"hr\"},{\"@type\":\"Organization\",\"@id\":\"https:\/\/destilerijababic.com\/#organization\",\"name\":\"Destilerija Babi\u0107\",\"url\":\"https:\/\/destilerijababic.com\/\",\"logo\":{\"@type\":\"ImageObject\",\"inLanguage\":\"hr\",\"@id\":\"https:\/\/destilerijababic.com\/#\/schema\/logo\/image\/\",\"url\":\"https:\/\/destilerijababic.com\/wp-content\/uploads\/2022\/03\/babic-logo.jpg\",\"contentUrl\":\"https:\/\/destilerijababic.com\/wp-content\/uploads\/2022\/03\/babic-logo.jpg\",\"width\":193,\"height\":195,\"caption\":\"Destilerija Babi\u0107\"},\"image\":{\"@id\":\"https:\/\/destilerijababic.com\/#\/schema\/logo\/image\/\"}}]}<\/script>\n<!-- \/ Yoast SEO plugin. -->","yoast_head_json":{"title":"O projektu - Destilerija Babi\u0107","description":"OPG Franjo Babi\u0107 je uspje\u0161no proveo projekt prijavljen na Natje\u010daj za provedbu Podmjere 6.2. \u201ePotpora ulaganju u pokretanje...","robots":{"index":"index","follow":"follow","max-snippet":"max-snippet:-1","max-image-preview":"max-image-preview:large","max-video-preview":"max-video-preview:-1"},"canonical":"https:\/\/destilerijababic.com\/hr\/o-projektu\/","og_locale":"hr_HR","og_type":"article","og_title":"O projektu - Destilerija Babi\u0107","og_description":"OPG Franjo Babi\u0107 je uspje\u0161no proveo projekt prijavljen na Natje\u010daj za provedbu Podmjere 6.2. \u201ePotpora ulaganju u pokretanje...","og_url":"https:\/\/destilerijababic.com\/hr\/o-projektu\/","og_site_name":"Destilerija Babi\u0107","article_modified_time":"2022-12-11T23:16:30+00:00","twitter_card":"summary_large_image","twitter_misc":{"Procijenjeno vrijeme \u010ditanja":"1 minuta"},"schema":{"@context":"https:\/\/schema.org","@graph":[{"@type":"WebPage","@id":"https:\/\/destilerijababic.com\/o-projektu\/","url":"https:\/\/destilerijababic.com\/o-projektu\/","name":"O projektu - Destilerija Babi\u0107","isPartOf":{"@id":"https:\/\/destilerijababic.com\/#website"},"datePublished":"2022-03-15T19:31:18+00:00","dateModified":"2022-12-11T23:16:30+00:00","description":"OPG Franjo Babi\u0107 je uspje\u0161no proveo projekt prijavljen na Natje\u010daj za provedbu Podmjere 6.2. \u201ePotpora ulaganju u pokretanje...","breadcrumb":{"@id":"https:\/\/destilerijababic.com\/o-projektu\/#breadcrumb"},"inLanguage":"hr","potentialAction":[{"@type":"ReadAction","target":["https:\/\/destilerijababic.com\/o-projektu\/"]}]},{"@type":"BreadcrumbList","@id":"https:\/\/destilerijababic.com\/o-projektu\/#breadcrumb","itemListElement":[{"@type":"ListItem","position":1,"name":"Po\u010detna stranica","item":"https:\/\/destilerijababic.com\/"},{"@type":"ListItem","position":2,"name":"O projektu"}]},{"@type":"WebSite","@id":"https:\/\/destilerijababic.com\/#website","url":"https:\/\/destilerijababic.com\/","name":"Destilerija Babi\u0107","description":"Rakija  i gin za fina nepca","publisher":{"@id":"https:\/\/destilerijababic.com\/#organization"},"potentialAction":[{"@type":"SearchAction","target":{"@type":"EntryPoint","urlTemplate":"https:\/\/destilerijababic.com\/?s={search_term_string}"},"query-input":"required name=search_term_string"}],"inLanguage":"hr"},{"@type":"Organization","@id":"https:\/\/destilerijababic.com\/#organization","name":"Destilerija Babi\u0107","url":"https:\/\/destilerijababic.com\/","logo":{"@type":"ImageObject","inLanguage":"hr","@id":"https:\/\/destilerijababic.com\/#\/schema\/logo\/image\/","url":"https:\/\/destilerijababic.com\/wp-content\/uploads\/2022\/03\/babic-logo.jpg","contentUrl":"https:\/\/destilerijababic.com\/wp-content\/uploads\/2022\/03\/babic-logo.jpg","width":193,"height":195,"caption":"Destilerija Babi\u0107"},"image":{"@id":"https:\/\/destilerijababic.com\/#\/schema\/logo\/image\/"}}]}},"_links":{"self":[{"href":"https:\/\/destilerijababic.com\/hr\/wp-json\/wp\/v2\/pages\/2","targetHints":{"allow":["GET"]}}],"collection":[{"href":"https:\/\/destilerijababic.com\/hr\/wp-json\/wp\/v2\/pages"}],"about":[{"href":"https:\/\/destilerijababic.com\/hr\/wp-json\/wp\/v2\/types\/page"}],"author":[{"embeddable":true,"href":"https:\/\/destilerijababic.com\/hr\/wp-json\/wp\/v2\/users\/1"}],"replies":[{"embeddable":true,"href":"https:\/\/destilerijababic.com\/hr\/wp-json\/wp\/v2\/comments?post=2"}],"version-history":[{"count":6,"href":"https:\/\/destilerijababic.com\/hr\/wp-json\/wp\/v2\/pages\/2\/revisions"}],"predecessor-version":[{"id":2503,"href":"https:\/\/destilerijababic.com\/hr\/wp-json\/wp\/v2\/pages\/2\/revisions\/2503"}],"wp:attachment":[{"href":"https:\/\/destilerijababic.com\/hr\/wp-json\/wp\/v2\/media?parent=2"}],"curies":[{"name":"wp","href":"https:\/\/api.w.org\/{rel}","templated":true}]}}