{"id":2363,"date":"2022-06-15T19:00:17","date_gmt":"2022-06-15T17:00:17","guid":{"rendered":"https:\/\/destilerijababic.com\/?page_id=2363"},"modified":"2024-01-29T10:31:53","modified_gmt":"2024-01-29T09:31:53","slug":"kontakt","status":"publish","type":"page","link":"https:\/\/destilerijababic.com\/hr\/kontakt\/","title":{"rendered":"Kontakt"},"content":{"rendered":"<section class=\"wpb-content-wrapper\"><!-- CWS Row --><div  class=\"cws-content\" style=\"background-repeat:repeat;background-size:cover;background-attachment:scroll;background-position:0% 0%;\"><div class=\"cws_extra_wrapper\"><div data-vc-full-width=\"true\" data-vc-full-width-init=\"false\" class=\"vc_row wpb_row vc_row-fluid\"><div class=\"wpb_column vc_column_container vc_col-sm-12 cws-column\"><div class=\"cws_vc_column-inner \"><div class=\"wpb_column vc_column_container vc_col-sm-12\"><div class=\"vc_column-inner\"><div class=\"wpb_wrapper\"><div class=\"cws_spacing cws_spacing_size_sm_desctop-on cws_spacing_tablet-on cws_spacing_mobile-on\"><div class=\"cws_spacing cws_spacing_default\" style=\"height:90px;\"><\/div> <div class=\"cws_spacing cws_spacing_size_sm_desctop\" style=\"height:90px;\"><\/div> <div class=\"cws_spacing cws_spacing_tablet\" style=\"height:50px;\"><\/div> <div class=\"cws_spacing cws_spacing_mobile\" style=\"height:50px;\"><\/div><\/div><div class=\"vc_row wpb_row vc_inner vc_row-fluid vc_custom_1536820039503\"><div class=\"wpb_column vc_column_container vc_col-sm-8\"><div class=\"vc_column-inner\"><div class=\"wpb_wrapper\"><div id='cws_info_69e59c7eb063d' class='cws_info_wrapper default  vc_custom_1655312739877' ><div class='cws_info_title'>Po\u0161aljite nam upit<\/div><div class='cws_content'><div role=\"form\" class=\"wpcf7\" id=\"wpcf7-f948-o1\" lang=\"en-US\" dir=\"ltr\">\n<div class=\"screen-reader-response\"><p role=\"status\" aria-live=\"polite\" aria-atomic=\"true\"><\/p> <ul><\/ul><\/div>\n<form action=\"\/hr\/wp-json\/wp\/v2\/pages\/2363#wpcf7-f948-o1\" method=\"post\" class=\"wpcf7-form init\" novalidate=\"novalidate\" data-status=\"init\">\n<div style=\"display: none;\">\n<input type=\"hidden\" name=\"_wpcf7\" value=\"948\" \/>\n<input type=\"hidden\" name=\"_wpcf7_version\" value=\"5.6.4\" \/>\n<input type=\"hidden\" name=\"_wpcf7_locale\" value=\"en_US\" \/>\n<input type=\"hidden\" name=\"_wpcf7_unit_tag\" value=\"wpcf7-f948-o1\" \/>\n<input type=\"hidden\" name=\"_wpcf7_container_post\" value=\"0\" \/>\n<input type=\"hidden\" name=\"_wpcf7_posted_data_hash\" value=\"\" \/>\n<\/div>\n<p><span class=\"wpcf7-form-control-wrap\" data-name=\"your-name\"><input type=\"text\" name=\"your-name\" value=\"\" size=\"40\" class=\"wpcf7-form-control wpcf7-text wpcf7-validates-as-required\" aria-required=\"true\" aria-invalid=\"false\" placeholder=\"Ime i prezime*\" \/><\/span><\/p>\n<p><span class=\"wpcf7-form-control-wrap\" data-name=\"your-email\"><input type=\"email\" name=\"your-email\" value=\"\" size=\"40\" class=\"wpcf7-form-control wpcf7-text wpcf7-email wpcf7-validates-as-required wpcf7-validates-as-email\" aria-required=\"true\" aria-invalid=\"false\" placeholder=\"Email adresa*\" \/><\/span><\/p>\n<p><span class=\"wpcf7-form-control-wrap\" data-name=\"your-phone\"><input type=\"text\" name=\"your-phone\" value=\"\" size=\"40\" class=\"wpcf7-form-control wpcf7-text wpcf7-validates-as-required\" aria-required=\"true\" aria-invalid=\"false\" placeholder=\"Broj telefona*\" \/><\/span><\/p>\n<p><span class=\"wpcf7-form-control-wrap\" data-name=\"your-message\"><textarea name=\"your-message\" cols=\"40\" rows=\"3\" class=\"wpcf7-form-control wpcf7-textarea\" aria-invalid=\"false\" placeholder=\"Poruka\"><\/textarea><\/span><\/p>\n<p><input type=\"submit\" value=\"Po\u0161aljite upit\" class=\"wpcf7-form-control has-spinner wpcf7-submit cws_submit\" \/><\/p>\n<input type='hidden' class='wpcf7-pum' value='{\"closepopup\":false,\"closedelay\":0,\"openpopup\":false,\"openpopup_id\":0}' \/><div class=\"wpcf7-response-output\" aria-hidden=\"true\"><\/div><\/form><\/div>\n<\/div><\/div><\/div><\/div><\/div><div class=\"wpb_column vc_column_container vc_col-sm-4 vc_col-lg-4 vc_col-md-6\"><div class=\"vc_column-inner\"><div class=\"wpb_wrapper\"><div id='cws_info_69e59c7eb0e8a' class='cws_info_wrapper default  vc_custom_1655312610244' ><div class='cws_content'><ul class=\"custom_icon_style\">\n<li style=\"text-align: left;\"><i class=\"list_list flaticon-bar\" style=\"color: #281e1a;\"><\/i>Babi\u0107 craft destilerija<br \/>\nOPG FRANJO BABI\u0106<br \/>\nStjepana Radi\u0107a 11<br \/>\n48260 Kri\u017eevci<br \/>\nMBS 50005464<\/li>\n<li style=\"text-align: left;\"><i class=\"list_list flaticon-close-envelope\" style=\"color: #281e1a;\"><\/i>franobabic@gmail.com<\/li>\n<li style=\"text-align: left;\"><i class=\"list_list flaticon-telephone-of-old-design\" style=\"color: #281e1a;\"><\/i>+385 98 900 9022<\/li>\n<\/ul>\n<\/div><\/div><\/div><\/div><\/div><\/div><div class=\"cws_spacing cws_spacing_size_sm_desctop-on cws_spacing_tablet-on cws_spacing_mobile-on\"><div class=\"cws_spacing cws_spacing_default\" style=\"height:50px;\"><\/div> <div class=\"cws_spacing cws_spacing_size_sm_desctop\" style=\"height:50px;\"><\/div> <div class=\"cws_spacing cws_spacing_tablet\" style=\"height:50px;\"><\/div> <div class=\"cws_spacing cws_spacing_mobile\" style=\"height:20px;\"><\/div><\/div><div class=\"cws_spacing cws_spacing_size_sm_desctop-on cws_spacing_tablet-on cws_spacing_mobile-on\"><div class=\"cws_spacing cws_spacing_default\" style=\"height:90px;\"><\/div> <div class=\"cws_spacing cws_spacing_size_sm_desctop\" style=\"height:90px;\"><\/div> <div class=\"cws_spacing cws_spacing_tablet\" style=\"height:50px;\"><\/div> <div class=\"cws_spacing cws_spacing_mobile\" style=\"height:50px;\"><\/div><\/div><\/div><\/div><\/div><!-- CWS Column --> <\/div><\/div><\/div><div class=\"vc_row-full-width vc_clearfix\"><\/div><\/div><\/div>\n<\/section>","protected":false},"excerpt":{"rendered":"Po\u0161aljite nam upit Babi\u0107 craft destilerija OPG FRANJO BABI\u0106 Stjepana Radi\u0107a 11 48260 Kri\u017eevci MBS 50005464 franobabic@gmail.com +385 98 900 9022","protected":false},"author":1,"featured_media":0,"parent":0,"menu_order":0,"comment_status":"closed","ping_status":"closed","template":"","meta":{"footnotes":""},"class_list":["post-2363","page","type-page","status-publish","hentry"],"yoast_head":"<!-- This site is optimized with the Yoast SEO plugin v19.11 - https:\/\/yoast.com\/wordpress\/plugins\/seo\/ -->\n<title>Kontakt - Destilerija Babi\u0107<\/title>\n<meta name=\"robots\" content=\"index, follow, max-snippet:-1, max-image-preview:large, max-video-preview:-1\" \/>\n<link rel=\"canonical\" href=\"https:\/\/destilerijababic.com\/hr\/kontakt\/\" \/>\n<meta property=\"og:locale\" content=\"hr_HR\" \/>\n<meta property=\"og:type\" content=\"article\" \/>\n<meta property=\"og:title\" content=\"Kontakt - Destilerija Babi\u0107\" \/>\n<meta property=\"og:url\" content=\"https:\/\/destilerijababic.com\/hr\/kontakt\/\" \/>\n<meta property=\"og:site_name\" content=\"Destilerija Babi\u0107\" \/>\n<meta property=\"article:modified_time\" content=\"2024-01-29T09:31:53+00:00\" \/>\n<meta name=\"twitter:card\" content=\"summary_large_image\" \/>\n<meta name=\"twitter:label1\" content=\"Procijenjeno vrijeme \u010ditanja\" \/>\n\t<meta name=\"twitter:data1\" content=\"1 minuta\" \/>\n<script type=\"application\/ld+json\" class=\"yoast-schema-graph\">{\"@context\":\"https:\/\/schema.org\",\"@graph\":[{\"@type\":\"WebPage\",\"@id\":\"https:\/\/destilerijababic.com\/kontakt\/\",\"url\":\"https:\/\/destilerijababic.com\/kontakt\/\",\"name\":\"Kontakt - Destilerija Babi\u0107\",\"isPartOf\":{\"@id\":\"https:\/\/destilerijababic.com\/#website\"},\"datePublished\":\"2022-06-15T17:00:17+00:00\",\"dateModified\":\"2024-01-29T09:31:53+00:00\",\"breadcrumb\":{\"@id\":\"https:\/\/destilerijababic.com\/kontakt\/#breadcrumb\"},\"inLanguage\":\"hr\",\"potentialAction\":[{\"@type\":\"ReadAction\",\"target\":[\"https:\/\/destilerijababic.com\/kontakt\/\"]}]},{\"@type\":\"BreadcrumbList\",\"@id\":\"https:\/\/destilerijababic.com\/kontakt\/#breadcrumb\",\"itemListElement\":[{\"@type\":\"ListItem\",\"position\":1,\"name\":\"Po\u010detna stranica\",\"item\":\"https:\/\/destilerijababic.com\/\"},{\"@type\":\"ListItem\",\"position\":2,\"name\":\"Kontakt\"}]},{\"@type\":\"WebSite\",\"@id\":\"https:\/\/destilerijababic.com\/#website\",\"url\":\"https:\/\/destilerijababic.com\/\",\"name\":\"Destilerija Babi\u0107\",\"description\":\"Rakija  i gin za fina nepca\",\"publisher\":{\"@id\":\"https:\/\/destilerijababic.com\/#organization\"},\"potentialAction\":[{\"@type\":\"SearchAction\",\"target\":{\"@type\":\"EntryPoint\",\"urlTemplate\":\"https:\/\/destilerijababic.com\/?s={search_term_string}\"},\"query-input\":\"required name=search_term_string\"}],\"inLanguage\":\"hr\"},{\"@type\":\"Organization\",\"@id\":\"https:\/\/destilerijababic.com\/#organization\",\"name\":\"Destilerija Babi\u0107\",\"url\":\"https:\/\/destilerijababic.com\/\",\"logo\":{\"@type\":\"ImageObject\",\"inLanguage\":\"hr\",\"@id\":\"https:\/\/destilerijababic.com\/#\/schema\/logo\/image\/\",\"url\":\"https:\/\/destilerijababic.com\/wp-content\/uploads\/2022\/03\/babic-logo.jpg\",\"contentUrl\":\"https:\/\/destilerijababic.com\/wp-content\/uploads\/2022\/03\/babic-logo.jpg\",\"width\":193,\"height\":195,\"caption\":\"Destilerija Babi\u0107\"},\"image\":{\"@id\":\"https:\/\/destilerijababic.com\/#\/schema\/logo\/image\/\"}}]}<\/script>\n<!-- \/ Yoast SEO plugin. -->","yoast_head_json":{"title":"Kontakt - Destilerija Babi\u0107","robots":{"index":"index","follow":"follow","max-snippet":"max-snippet:-1","max-image-preview":"max-image-preview:large","max-video-preview":"max-video-preview:-1"},"canonical":"https:\/\/destilerijababic.com\/hr\/kontakt\/","og_locale":"hr_HR","og_type":"article","og_title":"Kontakt - Destilerija Babi\u0107","og_url":"https:\/\/destilerijababic.com\/hr\/kontakt\/","og_site_name":"Destilerija Babi\u0107","article_modified_time":"2024-01-29T09:31:53+00:00","twitter_card":"summary_large_image","twitter_misc":{"Procijenjeno vrijeme \u010ditanja":"1 minuta"},"schema":{"@context":"https:\/\/schema.org","@graph":[{"@type":"WebPage","@id":"https:\/\/destilerijababic.com\/kontakt\/","url":"https:\/\/destilerijababic.com\/kontakt\/","name":"Kontakt - Destilerija Babi\u0107","isPartOf":{"@id":"https:\/\/destilerijababic.com\/#website"},"datePublished":"2022-06-15T17:00:17+00:00","dateModified":"2024-01-29T09:31:53+00:00","breadcrumb":{"@id":"https:\/\/destilerijababic.com\/kontakt\/#breadcrumb"},"inLanguage":"hr","potentialAction":[{"@type":"ReadAction","target":["https:\/\/destilerijababic.com\/kontakt\/"]}]},{"@type":"BreadcrumbList","@id":"https:\/\/destilerijababic.com\/kontakt\/#breadcrumb","itemListElement":[{"@type":"ListItem","position":1,"name":"Po\u010detna stranica","item":"https:\/\/destilerijababic.com\/"},{"@type":"ListItem","position":2,"name":"Kontakt"}]},{"@type":"WebSite","@id":"https:\/\/destilerijababic.com\/#website","url":"https:\/\/destilerijababic.com\/","name":"Destilerija Babi\u0107","description":"Rakija  i gin za fina nepca","publisher":{"@id":"https:\/\/destilerijababic.com\/#organization"},"potentialAction":[{"@type":"SearchAction","target":{"@type":"EntryPoint","urlTemplate":"https:\/\/destilerijababic.com\/?s={search_term_string}"},"query-input":"required name=search_term_string"}],"inLanguage":"hr"},{"@type":"Organization","@id":"https:\/\/destilerijababic.com\/#organization","name":"Destilerija Babi\u0107","url":"https:\/\/destilerijababic.com\/","logo":{"@type":"ImageObject","inLanguage":"hr","@id":"https:\/\/destilerijababic.com\/#\/schema\/logo\/image\/","url":"https:\/\/destilerijababic.com\/wp-content\/uploads\/2022\/03\/babic-logo.jpg","contentUrl":"https:\/\/destilerijababic.com\/wp-content\/uploads\/2022\/03\/babic-logo.jpg","width":193,"height":195,"caption":"Destilerija Babi\u0107"},"image":{"@id":"https:\/\/destilerijababic.com\/#\/schema\/logo\/image\/"}}]}},"_links":{"self":[{"href":"https:\/\/destilerijababic.com\/hr\/wp-json\/wp\/v2\/pages\/2363","targetHints":{"allow":["GET"]}}],"collection":[{"href":"https:\/\/destilerijababic.com\/hr\/wp-json\/wp\/v2\/pages"}],"about":[{"href":"https:\/\/destilerijababic.com\/hr\/wp-json\/wp\/v2\/types\/page"}],"author":[{"embeddable":true,"href":"https:\/\/destilerijababic.com\/hr\/wp-json\/wp\/v2\/users\/1"}],"replies":[{"embeddable":true,"href":"https:\/\/destilerijababic.com\/hr\/wp-json\/wp\/v2\/comments?post=2363"}],"version-history":[{"count":12,"href":"https:\/\/destilerijababic.com\/hr\/wp-json\/wp\/v2\/pages\/2363\/revisions"}],"predecessor-version":[{"id":2558,"href":"https:\/\/destilerijababic.com\/hr\/wp-json\/wp\/v2\/pages\/2363\/revisions\/2558"}],"wp:attachment":[{"href":"https:\/\/destilerijababic.com\/hr\/wp-json\/wp\/v2\/media?parent=2363"}],"curies":[{"name":"wp","href":"https:\/\/api.w.org\/{rel}","templated":true}]}}