{"id":2538,"date":"2024-01-28T11:08:50","date_gmt":"2024-01-28T10:08:50","guid":{"rendered":"https:\/\/destilerijababic.com\/?post_type=product&#038;p=2538"},"modified":"2026-02-07T10:21:19","modified_gmt":"2026-02-07T09:21:19","slug":"cherry-on-top-gin","status":"publish","type":"product","link":"https:\/\/destilerijababic.com\/hr\/proizvod\/cherry-on-top-gin\/","title":{"rendered":"Cherry on top gin 0,5 l"},"content":{"rendered":"<p>Cherry on top je hrvatski premium craft gin destiliran u bakrenom kotlu. Baziran je na doma\u0107oj, ru\u010dno ubranoj borovici s planinskog lanca Kapele i inovativnom tehnologijom suptilno infuziran tre\u0161njama uzgojenim na imanju destilera. Oboga\u0107en je ujedna\u010denom selekcijom za\u010dinskog bilja. Istovremeno robustan i ugla\u0111en, izbalansiranog je i zaokru\u017eenog okusa i mirisa.<\/p>\n","protected":false},"excerpt":{"rendered":"<p>Cherry on top je hrvatski premium craft gin destiliran u bakrenom kotlu. Baziran je na doma\u0107oj, ru\u010dno ubranoj borovici s planinskog lanca Kapele i inovativnom tehnologijom suptilno infuziran tre\u0161njama uzgojenim na imanju destilera. Oboga\u0107en je ujedna\u010denom selekcijom za\u010dinskog bilja. Istovremeno robustan i ugla\u0111en, izbalansiranog je i zaokru\u017eenog okusa i mirisa.<\/p>\n","protected":false},"featured_media":2597,"template":"","meta":[],"product_cat":[48],"product_tag":[],"class_list":{"0":"post-2538","1":"product","2":"type-product","3":"status-publish","4":"has-post-thumbnail","6":"product_cat-cherry-on-top-gin","8":"first","9":"instock","10":"shipping-taxable","11":"purchasable","12":"product-type-simple"},"yoast_head":"<!-- This site is optimized with the Yoast SEO plugin v19.11 - https:\/\/yoast.com\/wordpress\/plugins\/seo\/ -->\n<title>Cherry on top gin 0,5 l - Destilerija Babi\u0107<\/title>\n<meta name=\"robots\" content=\"index, follow, max-snippet:-1, max-image-preview:large, max-video-preview:-1\" \/>\n<link rel=\"canonical\" href=\"https:\/\/destilerijababic.com\/hr\/proizvod\/cherry-on-top-gin\/\" \/>\n<meta property=\"og:locale\" content=\"hr_HR\" \/>\n<meta property=\"og:type\" content=\"article\" \/>\n<meta property=\"og:title\" content=\"Cherry on top gin 0,5 l - Destilerija Babi\u0107\" \/>\n<meta property=\"og:description\" content=\"Cherry on top je hrvatski premium craft gin destiliran u bakrenom kotlu. Baziran je na doma\u0107oj, ru\u010dno ubranoj borovici s planinskog lanca Kapele i inovativnom tehnologijom suptilno infuziran tre\u0161njama uzgojenim na imanju destilera. Oboga\u0107en je ujedna\u010denom selekcijom za\u010dinskog bilja. Istovremeno robustan i ugla\u0111en, izbalansiranog je i zaokru\u017eenog okusa i mirisa.\" \/>\n<meta property=\"og:url\" content=\"https:\/\/destilerijababic.com\/hr\/proizvod\/cherry-on-top-gin\/\" \/>\n<meta property=\"og:site_name\" content=\"Destilerija Babi\u0107\" \/>\n<meta property=\"article:modified_time\" content=\"2026-02-07T09:21:19+00:00\" \/>\n<meta property=\"og:image\" content=\"https:\/\/destilerijababic.com\/wp-content\/uploads\/2024\/01\/Cherry-on-top_web-ready-2048px.jpg\" \/>\n\t<meta property=\"og:image:width\" content=\"2048\" \/>\n\t<meta property=\"og:image:height\" content=\"2048\" \/>\n\t<meta property=\"og:image:type\" content=\"image\/jpeg\" \/>\n<meta name=\"twitter:card\" content=\"summary_large_image\" \/>\n<meta name=\"twitter:label1\" content=\"Procijenjeno vrijeme \u010ditanja\" \/>\n\t<meta name=\"twitter:data1\" content=\"1 minuta\" \/>\n<script type=\"application\/ld+json\" class=\"yoast-schema-graph\">{\"@context\":\"https:\/\/schema.org\",\"@graph\":[{\"@type\":\"WebPage\",\"@id\":\"https:\/\/destilerijababic.com\/proizvod\/cherry-on-top-gin\/\",\"url\":\"https:\/\/destilerijababic.com\/proizvod\/cherry-on-top-gin\/\",\"name\":\"Cherry on top gin 0,5 l - Destilerija Babi\u0107\",\"isPartOf\":{\"@id\":\"https:\/\/destilerijababic.com\/#website\"},\"datePublished\":\"2024-01-28T10:08:50+00:00\",\"dateModified\":\"2026-02-07T09:21:19+00:00\",\"breadcrumb\":{\"@id\":\"https:\/\/destilerijababic.com\/proizvod\/cherry-on-top-gin\/#breadcrumb\"},\"inLanguage\":\"hr\",\"potentialAction\":[{\"@type\":\"ReadAction\",\"target\":[\"https:\/\/destilerijababic.com\/proizvod\/cherry-on-top-gin\/\"]}]},{\"@type\":\"BreadcrumbList\",\"@id\":\"https:\/\/destilerijababic.com\/proizvod\/cherry-on-top-gin\/#breadcrumb\",\"itemListElement\":[{\"@type\":\"ListItem\",\"position\":1,\"name\":\"Po\u010detna stranica\",\"item\":\"https:\/\/destilerijababic.com\/\"},{\"@type\":\"ListItem\",\"position\":2,\"name\":\"Webshop\",\"item\":\"https:\/\/destilerijababic.com\/proizvodi\/\"},{\"@type\":\"ListItem\",\"position\":3,\"name\":\"Cherry on top gin 0,5 l\"}]},{\"@type\":\"WebSite\",\"@id\":\"https:\/\/destilerijababic.com\/#website\",\"url\":\"https:\/\/destilerijababic.com\/\",\"name\":\"Destilerija Babi\u0107\",\"description\":\"Rakija  i gin za fina nepca\",\"publisher\":{\"@id\":\"https:\/\/destilerijababic.com\/#organization\"},\"potentialAction\":[{\"@type\":\"SearchAction\",\"target\":{\"@type\":\"EntryPoint\",\"urlTemplate\":\"https:\/\/destilerijababic.com\/?s={search_term_string}\"},\"query-input\":\"required name=search_term_string\"}],\"inLanguage\":\"hr\"},{\"@type\":\"Organization\",\"@id\":\"https:\/\/destilerijababic.com\/#organization\",\"name\":\"Destilerija Babi\u0107\",\"url\":\"https:\/\/destilerijababic.com\/\",\"logo\":{\"@type\":\"ImageObject\",\"inLanguage\":\"hr\",\"@id\":\"https:\/\/destilerijababic.com\/#\/schema\/logo\/image\/\",\"url\":\"https:\/\/destilerijababic.com\/wp-content\/uploads\/2022\/03\/babic-logo.jpg\",\"contentUrl\":\"https:\/\/destilerijababic.com\/wp-content\/uploads\/2022\/03\/babic-logo.jpg\",\"width\":193,\"height\":195,\"caption\":\"Destilerija Babi\u0107\"},\"image\":{\"@id\":\"https:\/\/destilerijababic.com\/#\/schema\/logo\/image\/\"}}]}<\/script>\n<!-- \/ Yoast SEO plugin. -->","yoast_head_json":{"title":"Cherry on top gin 0,5 l - Destilerija Babi\u0107","robots":{"index":"index","follow":"follow","max-snippet":"max-snippet:-1","max-image-preview":"max-image-preview:large","max-video-preview":"max-video-preview:-1"},"canonical":"https:\/\/destilerijababic.com\/hr\/proizvod\/cherry-on-top-gin\/","og_locale":"hr_HR","og_type":"article","og_title":"Cherry on top gin 0,5 l - Destilerija Babi\u0107","og_description":"Cherry on top je hrvatski premium craft gin destiliran u bakrenom kotlu. Baziran je na doma\u0107oj, ru\u010dno ubranoj borovici s planinskog lanca Kapele i inovativnom tehnologijom suptilno infuziran tre\u0161njama uzgojenim na imanju destilera. Oboga\u0107en je ujedna\u010denom selekcijom za\u010dinskog bilja. Istovremeno robustan i ugla\u0111en, izbalansiranog je i zaokru\u017eenog okusa i mirisa.","og_url":"https:\/\/destilerijababic.com\/hr\/proizvod\/cherry-on-top-gin\/","og_site_name":"Destilerija Babi\u0107","article_modified_time":"2026-02-07T09:21:19+00:00","og_image":[{"width":2048,"height":2048,"url":"https:\/\/destilerijababic.com\/wp-content\/uploads\/2024\/01\/Cherry-on-top_web-ready-2048px.jpg","type":"image\/jpeg"}],"twitter_card":"summary_large_image","twitter_misc":{"Procijenjeno vrijeme \u010ditanja":"1 minuta"},"schema":{"@context":"https:\/\/schema.org","@graph":[{"@type":"WebPage","@id":"https:\/\/destilerijababic.com\/proizvod\/cherry-on-top-gin\/","url":"https:\/\/destilerijababic.com\/proizvod\/cherry-on-top-gin\/","name":"Cherry on top gin 0,5 l - Destilerija Babi\u0107","isPartOf":{"@id":"https:\/\/destilerijababic.com\/#website"},"datePublished":"2024-01-28T10:08:50+00:00","dateModified":"2026-02-07T09:21:19+00:00","breadcrumb":{"@id":"https:\/\/destilerijababic.com\/proizvod\/cherry-on-top-gin\/#breadcrumb"},"inLanguage":"hr","potentialAction":[{"@type":"ReadAction","target":["https:\/\/destilerijababic.com\/proizvod\/cherry-on-top-gin\/"]}]},{"@type":"BreadcrumbList","@id":"https:\/\/destilerijababic.com\/proizvod\/cherry-on-top-gin\/#breadcrumb","itemListElement":[{"@type":"ListItem","position":1,"name":"Po\u010detna stranica","item":"https:\/\/destilerijababic.com\/"},{"@type":"ListItem","position":2,"name":"Webshop","item":"https:\/\/destilerijababic.com\/proizvodi\/"},{"@type":"ListItem","position":3,"name":"Cherry on top gin 0,5 l"}]},{"@type":"WebSite","@id":"https:\/\/destilerijababic.com\/#website","url":"https:\/\/destilerijababic.com\/","name":"Destilerija Babi\u0107","description":"Rakija  i gin za fina nepca","publisher":{"@id":"https:\/\/destilerijababic.com\/#organization"},"potentialAction":[{"@type":"SearchAction","target":{"@type":"EntryPoint","urlTemplate":"https:\/\/destilerijababic.com\/?s={search_term_string}"},"query-input":"required name=search_term_string"}],"inLanguage":"hr"},{"@type":"Organization","@id":"https:\/\/destilerijababic.com\/#organization","name":"Destilerija Babi\u0107","url":"https:\/\/destilerijababic.com\/","logo":{"@type":"ImageObject","inLanguage":"hr","@id":"https:\/\/destilerijababic.com\/#\/schema\/logo\/image\/","url":"https:\/\/destilerijababic.com\/wp-content\/uploads\/2022\/03\/babic-logo.jpg","contentUrl":"https:\/\/destilerijababic.com\/wp-content\/uploads\/2022\/03\/babic-logo.jpg","width":193,"height":195,"caption":"Destilerija Babi\u0107"},"image":{"@id":"https:\/\/destilerijababic.com\/#\/schema\/logo\/image\/"}}]}},"_links":{"self":[{"href":"https:\/\/destilerijababic.com\/hr\/wp-json\/wp\/v2\/product\/2538","targetHints":{"allow":["GET"]}}],"collection":[{"href":"https:\/\/destilerijababic.com\/hr\/wp-json\/wp\/v2\/product"}],"about":[{"href":"https:\/\/destilerijababic.com\/hr\/wp-json\/wp\/v2\/types\/product"}],"wp:featuredmedia":[{"embeddable":true,"href":"https:\/\/destilerijababic.com\/hr\/wp-json\/wp\/v2\/media\/2597"}],"wp:attachment":[{"href":"https:\/\/destilerijababic.com\/hr\/wp-json\/wp\/v2\/media?parent=2538"}],"wp:term":[{"taxonomy":"product_cat","embeddable":true,"href":"https:\/\/destilerijababic.com\/hr\/wp-json\/wp\/v2\/product_cat?post=2538"},{"taxonomy":"product_tag","embeddable":true,"href":"https:\/\/destilerijababic.com\/hr\/wp-json\/wp\/v2\/product_tag?post=2538"}],"curies":[{"name":"wp","href":"https:\/\/api.w.org\/{rel}","templated":true}]}}